{"id":56,"date":"2026-02-26T12:28:43","date_gmt":"2026-02-26T12:28:43","guid":{"rendered":"https:\/\/www.holden-marketing.com\/?page_id=56"},"modified":"2026-03-25T07:36:02","modified_gmt":"2026-03-25T07:36:02","slug":"kontakt","status":"publish","type":"page","link":"https:\/\/www.holden-marketing.com\/en\/kontakt\/","title":{"rendered":"Contact"},"content":{"rendered":"\n<p><\/p>\n\n\n\n<div class=\"wp-block-group is-layout-flow wp-block-group-is-layout-flow\" style=\"padding-top:var(--wp--preset--spacing--x-large);padding-bottom:var(--wp--preset--spacing--x-large)\">\n<div class=\"wp-block-group is-vertical is-content-justification-center is-layout-flex wp-container-core-group-is-layout-b032f303 wp-block-group-is-layout-flex\">\n<div class=\"wp-block-group has-global-padding is-layout-constrained wp-container-core-group-is-layout-f5f3bcb8 wp-block-group-is-layout-constrained\">\n<figure class=\"wp-block-image aligncenter size-full is-resized is-style-rounded\"><img loading=\"lazy\" decoding=\"async\" width=\"1200\" height=\"1200\" src=\"https:\/\/www.holden-marketing.com\/wp-content\/uploads\/2026\/02\/Bild_Stephen_Holden-klein.jpg\" alt=\"\" class=\"wp-image-58\" style=\"width:222px;height:auto\" srcset=\"https:\/\/www.holden-marketing.com\/wp-content\/uploads\/2026\/02\/Bild_Stephen_Holden-klein.jpg 1200w, https:\/\/www.holden-marketing.com\/wp-content\/uploads\/2026\/02\/Bild_Stephen_Holden-klein-300x300.jpg 300w, https:\/\/www.holden-marketing.com\/wp-content\/uploads\/2026\/02\/Bild_Stephen_Holden-klein-1024x1024.jpg 1024w, https:\/\/www.holden-marketing.com\/wp-content\/uploads\/2026\/02\/Bild_Stephen_Holden-klein-150x150.jpg 150w, https:\/\/www.holden-marketing.com\/wp-content\/uploads\/2026\/02\/Bild_Stephen_Holden-klein-768x768.jpg 768w\" sizes=\"auto, (max-width: 1200px) 100vw, 1200px\" \/><\/figure>\n\n\n\n<h1 class=\"wp-block-heading has-text-align-center has-x-large-font-size\">Stephen Holden<\/h1>\n\n\n\n<p class=\"has-text-align-center\" style=\"margin-top:0;margin-bottom:var(--wp--preset--spacing--large)\"><a href=\"mailto:maria@mustermann.de\">info@royalgraphicdesign.com<\/a><\/p>\n\n\n\n<hr class=\"wp-block-separator has-alpha-channel-opacity is-style-dots\"\/>\n\n\n\n<h2 class=\"wp-block-heading has-text-align-center\">\u00dcber 25 Jahre in der Medienbranche<\/h2>\n\n\n\n<p class=\"has-text-align-left\">Ich helfe Unternehmen dabei, online sichtbar zu werden und gezielt neue Kunden zu gewinnen. Dabei geht es nicht nur um sch\u00f6nes Design, sondern vor allem um eines: Ergebnisse.<\/p>\n\n\n\n<p class=\"has-text-align-left\">Mit \u00fcber 25 Jahren Erfahrung in der Medien- und Marketingbranche verbinde ich strategisches Denken mit operativer Umsetzung. Ich entwickle Websites, die nicht nur gut aussehen, sondern vor allem funktionieren \u2013 also gefunden werden, Vertrauen aufbauen und Anfragen generieren.<\/p>\n\n\n\n<p class=\"has-text-align-left\">Mein Schwerpunkt liegt auf der Kombination aus Webdesign, SEO, Performance Marketing (Google &amp; Bing Ads) und modernen Ans\u00e4tzen wie der Optimierung f\u00fcr KI-Suchsysteme. So sorge ich daf\u00fcr, dass Ihr Unternehmen genau dort pr\u00e4sent ist, wo potenzielle Kunden heute nach L\u00f6sungen suchen.<\/p>\n\n\n\n<p class=\"has-text-align-left\">Ich arbeite nicht nach Standardl\u00f6sungen. Jedes Projekt beginnt mit einer klaren Strategie: Wer ist Ihre Zielgruppe? Wonach sucht sie? Und wie k\u00f6nnen wir Sie genau dort sichtbar machen? Daraus entstehen individuelle Konzepte, die ich anschlie\u00dfend selbst umsetze und kontinuierlich optimiere.<\/p>\n\n\n\n<p class=\"has-text-align-left\">Neben meiner Arbeit als Marketingberater bin ich als Dozent t\u00e4tig und unterrichte Marketing- und Grafikdesign-Themen in IHK-Lehrg\u00e4ngen. Das h\u00e4lt mein Wissen nicht nur aktuell, sondern sorgt auch daf\u00fcr, dass ich komplexe Themen verst\u00e4ndlich und praxisnah umsetzen kann.<\/p>\n\n\n\n<p class=\"has-text-align-left\">Wenn Sie nicht einfach nur \u201eirgendwie online\u201c sein wollen, sondern gezielt wachsen m\u00f6chten, sind Sie bei mir richtig.<\/p>\n<\/div>\n\n\n\n<hr class=\"wp-block-separator has-alpha-channel-opacity is-style-dots\"\/>\n\n\n\n<hr class=\"wp-block-separator has-alpha-channel-opacity\"\/>\n\n\n\n<div class=\"wp-block-buttons is-horizontal is-content-justification-center is-layout-flex wp-container-core-buttons-is-layout-90eaf56b wp-block-buttons-is-layout-flex\" style=\"margin-bottom:var(--wp--preset--spacing--small)\">\n<div class=\"wp-block-button has-custom-width wp-block-button__width-100\"><a class=\"wp-block-button__link wp-element-button\" href=\"https:\/\/www.holden-marketing.com\/marketing-news\/\" style=\"padding-top:var(--wp--preset--spacing--small);padding-right:var(--wp--preset--spacing--small);padding-bottom:var(--wp--preset--spacing--small);padding-left:var(--wp--preset--spacing--small)\">Lies meinen neuesten Artikel<\/a><\/div>\n<\/div>\n<\/div>\n<\/div>\n\n\n\n<div class=\"wp-block-group alignfull is-style-section-neutral has-background-background-color has-background has-global-padding is-content-justification-center is-layout-constrained wp-block-group-is-layout-constrained is-style-section-neutral--1\">\n<h2 class=\"wp-block-heading has-text-align-center\">Kontakt<\/h2>\n\n\n<style id=\"wpforms-css-vars-246-block-64fd2f7f-9bc1-48e2-91b2-396a188c84c7\">\n\t\t\t\t#wpforms-246.wpforms-block-64fd2f7f-9bc1-48e2-91b2-396a188c84c7 {\n\t\t\t\t--wpforms-field-border-color: #cbc6d1;\n--wpforms-field-border-color-spare: #cbc6d1;\n--wpforms-field-size-input-height: 43px;\n--wpforms-field-size-input-spacing: 15px;\n--wpforms-field-size-font-size: 16px;\n--wpforms-field-size-line-height: 19px;\n--wpforms-field-size-padding-h: 14px;\n--wpforms-field-size-checkbox-size: 16px;\n--wpforms-field-size-sublabel-spacing: 5px;\n--wpforms-field-size-icon-size: 1;\n--wpforms-label-size-font-size: 16px;\n--wpforms-label-size-line-height: 19px;\n--wpforms-label-size-sublabel-font-size: 14px;\n--wpforms-label-size-sublabel-line-height: 17px;\n--wpforms-button-size-font-size: 17px;\n--wpforms-button-size-height: 41px;\n--wpforms-button-size-padding-h: 15px;\n--wpforms-button-size-margin-top: 10px;\n\t\t\t}\n\t\t\t<\/style><div class=\"wpforms-container wpforms-container-full wpforms-block wpforms-block-64fd2f7f-9bc1-48e2-91b2-396a188c84c7 wpforms-render-modern\" id=\"wpforms-246\"><form id=\"wpforms-form-246\" class=\"wpforms-validate wpforms-form wpforms-ajax-form\" data-formid=\"246\" method=\"post\" enctype=\"multipart\/form-data\" action=\"\/en\/wp-json\/wp\/v2\/pages\/56\" data-token=\"63a5f435f2e284352dcc0062bd82f755\" data-token-time=\"1775903519\"><noscript class=\"wpforms-error-noscript\">Please enable JavaScript in your browser to complete this form.<\/noscript><div id=\"wpforms-error-noscript\" style=\"display: none;\">Please enable JavaScript in your browser to complete this form.<\/div><div class=\"wpforms-field-container\">\t\t<div id=\"wpforms-246-field_4-container\"\n\t\t\tclass=\"wpforms-field wpforms-field-text\"\n\t\t\tdata-field-type=\"text\"\n\t\t\tdata-field-id=\"4\"\n\t\t\t>\n\t\t\t<label class=\"wpforms-field-label\" for=\"wpforms-246-field_4\" >E-Mail-Adresse Kommentar Name<\/label>\n\t\t\t<input type=\"text\" id=\"wpforms-246-field_4\" class=\"wpforms-field-medium\" name=\"wpforms[fields][4]\" >\n\t\t<\/div>\n\t\t<div id=\"wpforms-246-field_1-container\" class=\"wpforms-field wpforms-field-name\" data-field-id=\"1\"><fieldset><legend class=\"wpforms-field-label\">Name <span class=\"wpforms-required-label\" aria-hidden=\"true\">*<\/span><\/legend><div class=\"wpforms-field-row wpforms-field-medium\"><div class=\"wpforms-field-row-block wpforms-first wpforms-one-half\"><input type=\"text\" id=\"wpforms-246-field_1\" class=\"wpforms-field-name-first wpforms-field-required\" name=\"wpforms[fields][1][first]\" aria-errormessage=\"wpforms-246-field_1-error\" required><label for=\"wpforms-246-field_1\" class=\"wpforms-field-sublabel after\">First<\/label><\/div><div class=\"wpforms-field-row-block wpforms-one-half\"><input type=\"text\" id=\"wpforms-246-field_1-last\" class=\"wpforms-field-name-last wpforms-field-required\" name=\"wpforms[fields][1][last]\" aria-errormessage=\"wpforms-246-field_1-last-error\" required><label for=\"wpforms-246-field_1-last\" class=\"wpforms-field-sublabel after\">Last<\/label><\/div><\/div><\/fieldset><\/div><div id=\"wpforms-246-field_2-container\" class=\"wpforms-field wpforms-field-email\" data-field-id=\"2\"><label class=\"wpforms-field-label\" for=\"wpforms-246-field_2\">E-Mail-Adresse <span class=\"wpforms-required-label\" aria-hidden=\"true\">*<\/span><\/label><input type=\"email\" id=\"wpforms-246-field_2\" class=\"wpforms-field-medium wpforms-field-required\" name=\"wpforms[fields][2]\" spellcheck=\"false\" aria-errormessage=\"wpforms-246-field_2-error\" required><\/div><div id=\"wpforms-246-field_3-container\" class=\"wpforms-field wpforms-field-textarea\" data-field-id=\"3\"><label class=\"wpforms-field-label\" for=\"wpforms-246-field_3\">Kommentar oder Nachricht<\/label><textarea id=\"wpforms-246-field_3\" class=\"wpforms-field-medium\" name=\"wpforms[fields][3]\" aria-errormessage=\"wpforms-246-field_3-error\" ><\/textarea><\/div><script>\n\t\t\t\t( function() {\n\t\t\t\t\tconst style = document.createElement( 'style' );\n\t\t\t\t\tstyle.appendChild( document.createTextNode( '#wpforms-246-field_4-container { position: absolute !important; overflow: hidden !important; display: inline !important; height: 1px !important; width: 1px !important; z-index: -1000 !important; padding: 0 !important; } #wpforms-246-field_4-container input { visibility: hidden; } #wpforms-conversational-form-page #wpforms-246-field_4-container label { counter-increment: none; }' ) );\n\t\t\t\t\tdocument.head.appendChild( style );\n\t\t\t\t\tdocument.currentScript?.remove();\n\t\t\t\t} )();\n\t\t\t<\/script><\/div><!-- .wpforms-field-container --><div class=\"wpforms-submit-container\" ><input type=\"hidden\" name=\"wpforms[id]\" value=\"246\"><input type=\"hidden\" name=\"page_title\" value=\"\"><input type=\"hidden\" name=\"page_url\" value=\"https:\/\/www.holden-marketing.com\/en\/wp-json\/wp\/v2\/pages\/56\"><input type=\"hidden\" name=\"url_referer\" value=\"\"><button type=\"submit\" name=\"wpforms[submit]\" id=\"wpforms-submit-246\" class=\"wpforms-submit\" data-alt-text=\"Wird gesendet\u00a0\u2026\" data-submit-text=\"Absenden\" aria-live=\"assertive\" value=\"wpforms-submit\">Absenden<\/button><img loading=\"lazy\" decoding=\"async\" src=\"https:\/\/www.holden-marketing.com\/wp-content\/plugins\/wpforms-lite\/assets\/images\/submit-spin.svg\" class=\"wpforms-submit-spinner\" style=\"display: none;\" width=\"26\" height=\"26\" alt=\"Loading\"><\/div><\/form><\/div>  <!-- .wpforms-container --><\/div>\n\n\n\n<p><\/p>\n","protected":false},"excerpt":{"rendered":"<p>Stephen Holden info@royalgraphicdesign.com \u00dcber 25 Jahre in der Medienbranche Ich helfe Unternehmen dabei, online sichtbar zu werden und gezielt neue Kunden zu gewinnen. Dabei geht es nicht nur um sch\u00f6nes Design, sondern vor allem um eines: Ergebnisse. Mit \u00fcber 25 Jahren Erfahrung in der Medien- und Marketingbranche verbinde ich strategisches Denken mit operativer Umsetzung. Ich [&hellip;]<\/p>\n","protected":false},"author":1,"featured_media":0,"parent":0,"menu_order":0,"comment_status":"closed","ping_status":"closed","template":"","meta":{"footnotes":""},"class_list":["post-56","page","type-page","status-publish","hentry"],"_links":{"self":[{"href":"https:\/\/www.holden-marketing.com\/en\/wp-json\/wp\/v2\/pages\/56","targetHints":{"allow":["GET"]}}],"collection":[{"href":"https:\/\/www.holden-marketing.com\/en\/wp-json\/wp\/v2\/pages"}],"about":[{"href":"https:\/\/www.holden-marketing.com\/en\/wp-json\/wp\/v2\/types\/page"}],"author":[{"embeddable":true,"href":"https:\/\/www.holden-marketing.com\/en\/wp-json\/wp\/v2\/users\/1"}],"replies":[{"embeddable":true,"href":"https:\/\/www.holden-marketing.com\/en\/wp-json\/wp\/v2\/comments?post=56"}],"version-history":[{"count":18,"href":"https:\/\/www.holden-marketing.com\/en\/wp-json\/wp\/v2\/pages\/56\/revisions"}],"predecessor-version":[{"id":303,"href":"https:\/\/www.holden-marketing.com\/en\/wp-json\/wp\/v2\/pages\/56\/revisions\/303"}],"wp:attachment":[{"href":"https:\/\/www.holden-marketing.com\/en\/wp-json\/wp\/v2\/media?parent=56"}],"curies":[{"name":"wp","href":"https:\/\/api.w.org\/{rel}","templated":true}]}}