{"id":2,"date":"2026-01-29T23:59:20","date_gmt":"2026-01-29T23:59:20","guid":{"rendered":"https:\/\/www.holden-marketing.com\/?page_id=2"},"modified":"2026-03-25T06:44:20","modified_gmt":"2026-03-25T06:44:20","slug":"leistungen","status":"publish","type":"page","link":"https:\/\/www.holden-marketing.com\/en\/leistungen\/","title":{"rendered":"Leistungen"},"content":{"rendered":"<h2 class=\"wp-block-heading has-text-align-center has-foreground-color has-text-color has-link-color wp-elements-403549cbd507cdf16150f05b4a882eb0\">Marketing<\/h2>\n\n\n\n<hr class=\"wp-block-separator has-alpha-channel-opacity is-style-dots\"\/>\n\n\n\n<div class=\"wp-block-group alignfull is-style-default has-cut-transparent-foreground-1-4-gradient-background has-background has-global-padding is-layout-constrained wp-block-group-is-layout-constrained\">\n<div class=\"wp-block-columns alignfull is-layout-flex wp-container-core-columns-is-layout-28f84493 wp-block-columns-is-layout-flex\">\n<div class=\"wp-block-column is-layout-flow wp-block-column-is-layout-flow\">\n<div class=\"wp-block-group has-lightest-background-color has-background is-layout-flow wp-container-core-group-is-layout-287f94af wp-block-group-is-layout-flow\" style=\"border-radius:4px;padding-top:0;padding-right:0;padding-bottom:0;padding-left:0\">\n<div class=\"wp-block-cover is-light has-custom-content-position is-position-top-right\" style=\"border-top-left-radius:4px;border-top-right-radius:4px;padding-top:var(--wp--preset--spacing--small);padding-right:var(--wp--preset--spacing--small);padding-bottom:var(--wp--preset--spacing--small);padding-left:var(--wp--preset--spacing--small);min-height:200px;aspect-ratio:unset;\"><img loading=\"lazy\" decoding=\"async\" width=\"1002\" height=\"1002\" class=\"wp-block-cover__image-background wp-image-141 size-full\" alt=\"\" src=\"https:\/\/www.holden-marketing.com\/wp-content\/uploads\/2026\/03\/stock-photo-website-design-software-provide-modish-template-for-online-retail-business-and-e-commerce-2183053555.jpg\" style=\"object-position:50% 33%\" data-object-fit=\"cover\" data-object-position=\"50% 33%\" srcset=\"https:\/\/www.holden-marketing.com\/wp-content\/uploads\/2026\/03\/stock-photo-website-design-software-provide-modish-template-for-online-retail-business-and-e-commerce-2183053555.jpg 1002w, https:\/\/www.holden-marketing.com\/wp-content\/uploads\/2026\/03\/stock-photo-website-design-software-provide-modish-template-for-online-retail-business-and-e-commerce-2183053555-300x300.jpg 300w, https:\/\/www.holden-marketing.com\/wp-content\/uploads\/2026\/03\/stock-photo-website-design-software-provide-modish-template-for-online-retail-business-and-e-commerce-2183053555-150x150.jpg 150w, https:\/\/www.holden-marketing.com\/wp-content\/uploads\/2026\/03\/stock-photo-website-design-software-provide-modish-template-for-online-retail-business-and-e-commerce-2183053555-768x768.jpg 768w, https:\/\/www.holden-marketing.com\/wp-content\/uploads\/2026\/03\/stock-photo-website-design-software-provide-modish-template-for-online-retail-business-and-e-commerce-2183053555-12x12.jpg 12w\" sizes=\"auto, (max-width: 1002px) 100vw, 1002px\" \/><span aria-hidden=\"true\" class=\"wp-block-cover__background has-background-dim-0 has-background-dim\" style=\"background-color:#9f938e\"><\/span><div class=\"wp-block-cover__inner-container is-layout-flow wp-block-cover-is-layout-flow\">\n<p class=\"has-text-align-center has-large-font-size\"><\/p>\n<\/div><\/div>\n\n\n\n<div class=\"wp-block-group has-global-padding is-layout-constrained wp-container-core-group-is-layout-6513bb61 wp-block-group-is-layout-constrained\" style=\"margin-top:0;margin-bottom:0;padding-top:var(--wp--preset--spacing--medium);padding-right:var(--wp--preset--spacing--medium);padding-bottom:var(--wp--preset--spacing--medium);padding-left:var(--wp--preset--spacing--medium)\">\n<h2 class=\"wp-block-heading has-text-align-left has-base-font-size\">Webdesign<\/h2>\n\n\n\n<p class=\"has-small-font-size\" style=\"margin-bottom:var(--wp--preset--spacing--medium)\">Ich erstelle f\u00fcr Ihr Unternehmen eine professionelle Website oder einen Online-Shop mit WordPress. Besonders f\u00fcr kleine und mittlere Unternehmen entwickle ich moderne, benutzerfreundliche L\u00f6sungen, die Ihre Leistungen optimal pr\u00e4sentieren und neue Kunden erreichen.<\/p>\n\n\n\n<p class=\"has-text-align-center has-secondary-color has-text-color has-link-color has-xx-large-font-size wp-elements-2255636f48486383e78c4349501e08ce\" style=\"margin-top:0;margin-bottom:0\">.  .  .  .  . <\/p>\n<\/div>\n<\/div>\n<\/div>\n\n\n\n<div class=\"wp-block-column is-layout-flow wp-block-column-is-layout-flow\">\n<div class=\"wp-block-group has-lightest-background-color has-background is-layout-flow wp-container-core-group-is-layout-287f94af wp-block-group-is-layout-flow\" style=\"border-radius:4px;padding-top:0;padding-right:0;padding-bottom:0;padding-left:0\">\n<div class=\"wp-block-cover is-light has-custom-content-position is-position-top-right\" style=\"border-top-left-radius:4px;border-top-right-radius:4px;padding-top:var(--wp--preset--spacing--small);padding-right:var(--wp--preset--spacing--small);padding-bottom:var(--wp--preset--spacing--small);padding-left:var(--wp--preset--spacing--small);min-height:200px;aspect-ratio:unset;\"><img loading=\"lazy\" decoding=\"async\" width=\"600\" height=\"379\" class=\"wp-block-cover__image-background wp-image-150 size-full\" alt=\"Suchmaschinenoptimierung\" src=\"https:\/\/www.holden-marketing.com\/wp-content\/uploads\/2026\/03\/seo.jpg\" style=\"object-position:55% 22%\" data-object-fit=\"cover\" data-object-position=\"55% 22%\" srcset=\"https:\/\/www.holden-marketing.com\/wp-content\/uploads\/2026\/03\/seo.jpg 600w, https:\/\/www.holden-marketing.com\/wp-content\/uploads\/2026\/03\/seo-300x190.jpg 300w, https:\/\/www.holden-marketing.com\/wp-content\/uploads\/2026\/03\/seo-18x12.jpg 18w\" sizes=\"auto, (max-width: 600px) 100vw, 600px\" \/><span aria-hidden=\"true\" class=\"wp-block-cover__background has-background-dim-0 has-background-dim\" style=\"background-color:#aaa29d\"><\/span><div class=\"wp-block-cover__inner-container is-layout-flow wp-block-cover-is-layout-flow\">\n<p class=\"has-text-align-center has-large-font-size\"><\/p>\n<\/div><\/div>\n\n\n\n<div class=\"wp-block-group has-global-padding is-layout-constrained wp-container-core-group-is-layout-6513bb61 wp-block-group-is-layout-constrained\" style=\"margin-top:0;margin-bottom:0;padding-top:var(--wp--preset--spacing--medium);padding-right:var(--wp--preset--spacing--medium);padding-bottom:var(--wp--preset--spacing--medium);padding-left:var(--wp--preset--spacing--medium)\">\n<h2 class=\"wp-block-heading has-text-align-left has-base-font-size\">SEO<\/h2>\n\n\n\n<p class=\"has-small-font-size\" style=\"margin-bottom:var(--wp--preset--spacing--medium)\">Mit gezielten SEO- und GEO-Ma\u00dfnahmen sorge ich daf\u00fcr, dass Ihr Unternehmen online besser gefunden wird. Neben klassischen Suchmaschinen wie Google und Bing optimiere ich Ihre Inhalte auch f\u00fcr KI-Suchsysteme wie ChatGPT oder Perplexity, die immer h\u00e4ufiger f\u00fcr die Informationssuche genutzt werden.<\/p>\n\n\n\n<p class=\"has-text-align-center has-secondary-color has-text-color has-link-color has-xx-large-font-size wp-elements-2255636f48486383e78c4349501e08ce\" style=\"margin-top:0;margin-bottom:0\">.  .  .  .  . <\/p>\n<\/div>\n<\/div>\n<\/div>\n\n\n\n<div class=\"wp-block-column is-layout-flow wp-block-column-is-layout-flow\">\n<div class=\"wp-block-group has-lightest-background-color has-background is-layout-flow wp-container-core-group-is-layout-287f94af wp-block-group-is-layout-flow\" style=\"border-radius:4px;padding-top:0;padding-right:0;padding-bottom:0;padding-left:0\">\n<div class=\"wp-block-cover is-light has-custom-content-position is-position-top-right\" style=\"border-top-left-radius:4px;border-top-right-radius:4px;padding-top:var(--wp--preset--spacing--small);padding-right:var(--wp--preset--spacing--small);padding-bottom:var(--wp--preset--spacing--small);padding-left:var(--wp--preset--spacing--small);min-height:200px;aspect-ratio:unset;\"><img loading=\"lazy\" decoding=\"async\" width=\"600\" height=\"400\" class=\"wp-block-cover__image-background wp-image-151 size-full\" alt=\"Suchmaschinenwerbung\" src=\"https:\/\/www.holden-marketing.com\/wp-content\/uploads\/2026\/03\/sea.jpg\" style=\"object-position:69% 37%\" data-object-fit=\"cover\" data-object-position=\"69% 37%\" srcset=\"https:\/\/www.holden-marketing.com\/wp-content\/uploads\/2026\/03\/sea.jpg 600w, https:\/\/www.holden-marketing.com\/wp-content\/uploads\/2026\/03\/sea-300x200.jpg 300w, https:\/\/www.holden-marketing.com\/wp-content\/uploads\/2026\/03\/sea-18x12.jpg 18w\" sizes=\"auto, (max-width: 600px) 100vw, 600px\" \/><span aria-hidden=\"true\" class=\"wp-block-cover__background has-background-dim-0 has-background-dim\" style=\"background-color:#c0c1c5\"><\/span><div class=\"wp-block-cover__inner-container is-layout-flow wp-block-cover-is-layout-flow\">\n<p class=\"has-text-align-center has-large-font-size\"><\/p>\n<\/div><\/div>\n\n\n\n<div class=\"wp-block-group has-global-padding is-layout-constrained wp-container-core-group-is-layout-6513bb61 wp-block-group-is-layout-constrained\" style=\"margin-top:0;margin-bottom:0;padding-top:var(--wp--preset--spacing--medium);padding-right:var(--wp--preset--spacing--medium);padding-bottom:var(--wp--preset--spacing--medium);padding-left:var(--wp--preset--spacing--medium)\">\n<h2 class=\"wp-block-heading has-text-align-left has-base-font-size\">SEA<\/h2>\n\n\n\n<p class=\"has-small-font-size\" style=\"margin-bottom:var(--wp--preset--spacing--medium)\">Mit gezielten SEA-Ma\u00dfnahmen sorge ich daf\u00fcr, dass Ihr Unternehmen bei Google und Bing genau dann sichtbar ist, wenn potenzielle Kunden nach Ihren Leistungen suchen. So entstehen messbare Kampagnen, die qualifizierte Anfragen und mehr Besucher auf Ihre Website bringen.<\/p>\n\n\n\n<p class=\"has-text-align-center has-secondary-color has-text-color has-link-color has-xx-large-font-size wp-elements-2255636f48486383e78c4349501e08ce\" style=\"margin-top:0;margin-bottom:0\">.  .  .  .  . <\/p>\n<\/div>\n<\/div>\n<\/div>\n\n\n\n<div class=\"wp-block-column is-layout-flow wp-block-column-is-layout-flow\">\n<div class=\"wp-block-group has-lightest-background-color has-background is-layout-flow wp-container-core-group-is-layout-287f94af wp-block-group-is-layout-flow\" style=\"border-radius:4px;padding-top:0;padding-right:0;padding-bottom:0;padding-left:0\">\n<div class=\"wp-block-cover is-light has-custom-content-position is-position-top-right\" style=\"border-top-left-radius:4px;border-top-right-radius:4px;padding-top:var(--wp--preset--spacing--small);padding-right:var(--wp--preset--spacing--small);padding-bottom:var(--wp--preset--spacing--small);padding-left:var(--wp--preset--spacing--small);min-height:200px;aspect-ratio:unset;\"><img loading=\"lazy\" decoding=\"async\" width=\"600\" height=\"341\" class=\"wp-block-cover__image-background wp-image-152 size-full\" alt=\"Social Media Marketing\" src=\"https:\/\/www.holden-marketing.com\/wp-content\/uploads\/2026\/03\/social-media.jpg\" style=\"object-position:65% 2%\" data-object-fit=\"cover\" data-object-position=\"65% 2%\" srcset=\"https:\/\/www.holden-marketing.com\/wp-content\/uploads\/2026\/03\/social-media.jpg 600w, https:\/\/www.holden-marketing.com\/wp-content\/uploads\/2026\/03\/social-media-300x171.jpg 300w, https:\/\/www.holden-marketing.com\/wp-content\/uploads\/2026\/03\/social-media-18x10.jpg 18w\" sizes=\"auto, (max-width: 600px) 100vw, 600px\" \/><span aria-hidden=\"true\" class=\"wp-block-cover__background has-background-dim-0 has-background-dim\" style=\"background-color:#c4c6ca\"><\/span><div class=\"wp-block-cover__inner-container is-layout-flow wp-block-cover-is-layout-flow\">\n<p class=\"has-text-align-center has-large-font-size\"><\/p>\n<\/div><\/div>\n\n\n\n<div class=\"wp-block-group has-global-padding is-layout-constrained wp-container-core-group-is-layout-6513bb61 wp-block-group-is-layout-constrained\" style=\"margin-top:0;margin-bottom:0;padding-top:var(--wp--preset--spacing--medium);padding-right:var(--wp--preset--spacing--medium);padding-bottom:var(--wp--preset--spacing--medium);padding-left:var(--wp--preset--spacing--medium)\">\n<h2 class=\"wp-block-heading has-text-align-left has-base-font-size\">Social Media<\/h2>\n\n\n\n<p class=\"has-small-font-size\" style=\"margin-bottom:var(--wp--preset--spacing--medium)\">Mit gezieltem Social Media Marketing erreichen wir Ihre Zielgruppe genau dort, wo sie aktiv ist. Ob im B2B-Bereich auf Plattformen wie LinkedIn oder im B2C-Bereich auf Instagram, Facebook oder TikTok \u2013 mit einer klaren Strategie und passenden Inhalten st\u00e4rken wir Ihre Marke und gewinnen neue Kunden.<\/p>\n\n\n\n<p class=\"has-text-align-center has-secondary-color has-text-color has-link-color has-xx-large-font-size wp-elements-2255636f48486383e78c4349501e08ce\" style=\"margin-top:0;margin-bottom:0\">.  .  .  .  . <\/p>\n<\/div>\n<\/div>\n<\/div>\n<\/div>\n<\/div>\n\n\n\n<div class=\"wp-block-columns are-vertically-aligned-center is-layout-flex wp-container-core-columns-is-layout-010e51cd wp-block-columns-is-layout-flex\">\n<div class=\"wp-block-column is-vertically-aligned-center is-layout-flow wp-block-column-is-layout-flow\"><\/div>\n\n\n\n<div class=\"wp-block-column is-layout-flow wp-block-column-is-layout-flow\"><\/div>\n\n\n\n<div class=\"wp-block-column is-vertically-aligned-center is-layout-flow wp-block-column-is-layout-flow\"><\/div>\n<\/div>\n\n\n\n<h2 class=\"wp-block-heading has-text-align-center has-foreground-color has-text-color has-link-color wp-elements-a92fb1e9f35e21a7f173f3be743756ed\">Print<\/h2>\n\n\n\n<hr class=\"wp-block-separator has-alpha-channel-opacity is-style-dots\"\/>\n\n\n\n<div class=\"wp-block-group alignfull has-global-padding is-layout-constrained wp-block-group-is-layout-constrained\">\n<div class=\"wp-block-columns alignwide are-vertically-aligned-center is-layout-flex wp-container-core-columns-is-layout-97d981de wp-block-columns-is-layout-flex\">\n<div class=\"wp-block-column is-vertically-aligned-center has-global-padding is-layout-constrained wp-container-core-column-is-layout-fc569e79 wp-block-column-is-layout-constrained\" style=\"padding-top:var(--wp--preset--spacing--large);padding-right:var(--wp--preset--spacing--small);padding-bottom:var(--wp--preset--spacing--large);padding-left:var(--wp--preset--spacing--small)\">\n<h2 class=\"wp-block-heading has-text-align-left has-body-font-family has-large-font-size\" style=\"font-style:normal;font-weight:700\">Kataloge, Flyer und mehr<\/h2>\n\n\n\n<p>Gerne \u00fcbernehme ich die komplette Abwicklung Ihrer Printprodukte f\u00fcr Sie \u2013 von der Konzeption und Gestaltung bis hin zur \u00dcbermittlung der fertigen Druckdaten an die Druckerei.<\/p>\n<\/div>\n\n\n\n<div class=\"wp-block-column is-vertically-aligned-center has-global-padding is-layout-constrained wp-container-core-column-is-layout-19e250f3 wp-block-column-is-layout-constrained\">\n<div class=\"wp-block-group has-global-padding is-layout-constrained wp-container-core-group-is-layout-344d6f9e wp-block-group-is-layout-constrained\">\n<div class=\"wp-block-columns are-vertically-aligned-center is-layout-flex wp-container-core-columns-is-layout-1ec2ec05 wp-block-columns-is-layout-flex\" style=\"margin-top:0;margin-bottom:0;padding-top:0;padding-right:0;padding-bottom:0;padding-left:0\">\n<div class=\"wp-block-column is-vertically-aligned-center is-layout-flow wp-block-column-is-layout-flow\">\n<div class=\"wp-block-group has-global-padding is-layout-constrained wp-container-core-group-is-layout-a324d6d0 wp-block-group-is-layout-constrained\" style=\"padding-top:var(--wp--preset--spacing--small);padding-right:var(--wp--preset--spacing--small);padding-bottom:var(--wp--preset--spacing--small);padding-left:var(--wp--preset--spacing--small)\">\n<p class=\"has-text-align-center has-large-font-size\" style=\"font-style:normal;font-weight:700\">\u00fcber 25<\/p>\n\n\n\n<p class=\"has-text-align-center has-small-font-size\">Jahre Erfahrung. <\/p>\n<\/div>\n<\/div>\n\n\n\n<div class=\"wp-block-column is-vertically-aligned-center is-layout-flow wp-block-column-is-layout-flow\">\n<figure class=\"wp-block-image aligncenter size-full is-resized\"><img loading=\"lazy\" decoding=\"async\" width=\"600\" height=\"600\" src=\"https:\/\/www.holden-marketing.com\/wp-content\/uploads\/2026\/03\/Holden-Druck-1.jpg\" alt=\"Print-Produkte\" class=\"wp-image-224\" style=\"width:262px\" srcset=\"https:\/\/www.holden-marketing.com\/wp-content\/uploads\/2026\/03\/Holden-Druck-1.jpg 600w, https:\/\/www.holden-marketing.com\/wp-content\/uploads\/2026\/03\/Holden-Druck-1-300x300.jpg 300w, https:\/\/www.holden-marketing.com\/wp-content\/uploads\/2026\/03\/Holden-Druck-1-150x150.jpg 150w, https:\/\/www.holden-marketing.com\/wp-content\/uploads\/2026\/03\/Holden-Druck-1-12x12.jpg 12w\" sizes=\"auto, (max-width: 600px) 100vw, 600px\" \/><\/figure>\n<\/div>\n<\/div>\n\n\n\n<div class=\"wp-block-columns are-vertically-aligned-center is-layout-flex wp-container-core-columns-is-layout-b8d85397 wp-block-columns-is-layout-flex\" style=\"margin-top:0;margin-bottom:0;padding-top:0;padding-bottom:0\">\n<div class=\"wp-block-column is-vertically-aligned-center is-layout-flow wp-block-column-is-layout-flow\">\n<figure class=\"wp-block-image aligncenter size-full is-resized\"><img loading=\"lazy\" decoding=\"async\" width=\"600\" height=\"600\" src=\"https:\/\/www.holden-marketing.com\/wp-content\/uploads\/2026\/03\/kataloge.jpg\" alt=\"\" class=\"wp-image-222\" style=\"object-fit:cover;width:262px;height:262px\" srcset=\"https:\/\/www.holden-marketing.com\/wp-content\/uploads\/2026\/03\/kataloge.jpg 600w, https:\/\/www.holden-marketing.com\/wp-content\/uploads\/2026\/03\/kataloge-300x300.jpg 300w, https:\/\/www.holden-marketing.com\/wp-content\/uploads\/2026\/03\/kataloge-150x150.jpg 150w, https:\/\/www.holden-marketing.com\/wp-content\/uploads\/2026\/03\/kataloge-12x12.jpg 12w\" sizes=\"auto, (max-width: 600px) 100vw, 600px\" \/><\/figure>\n<\/div>\n\n\n\n<div class=\"wp-block-column is-vertically-aligned-center is-layout-flow wp-block-column-is-layout-flow\">\n<div class=\"wp-block-group has-global-padding is-layout-constrained wp-container-core-group-is-layout-a324d6d0 wp-block-group-is-layout-constrained\" style=\"padding-top:var(--wp--preset--spacing--small);padding-right:var(--wp--preset--spacing--small);padding-bottom:var(--wp--preset--spacing--small);padding-left:var(--wp--preset--spacing--small)\">\n<p class=\"has-text-align-center has-large-font-size\" style=\"font-style:normal;font-weight:700\">hunderte<\/p>\n\n\n\n<p class=\"has-text-align-center has-small-font-size\">erfolgreiche Projekte.<\/p>\n<\/div>\n<\/div>\n<\/div>\n<\/div>\n<\/div>\n<\/div>\n<\/div>\n\n\n\n<div class=\"wp-block-columns are-vertically-aligned-center is-layout-flex wp-container-core-columns-is-layout-010e51cd wp-block-columns-is-layout-flex\">\n<div class=\"wp-block-column is-vertically-aligned-center is-layout-flow wp-block-column-is-layout-flow\"><\/div>\n\n\n\n<div class=\"wp-block-column is-layout-flow wp-block-column-is-layout-flow\"><\/div>\n\n\n\n<div class=\"wp-block-column is-vertically-aligned-center is-layout-flow wp-block-column-is-layout-flow\"><\/div>\n<\/div>\n\n\n\n<div class=\"wp-block-group alignfull is-style-default has-cut-foreground-transparent-3-4-gradient-background has-background has-global-padding is-layout-constrained wp-block-group-is-layout-constrained\" style=\"padding-top:var(--wp--preset--spacing--x-large);padding-bottom:var(--wp--preset--spacing--x-large)\">\n<h2 class=\"wp-block-heading has-text-align-center has-lightest-color has-text-color has-link-color wp-elements-b2c0b44ca8ac8acc02c16bcec6bfbe57\">Coaching<\/h2>\n\n\n\n<hr class=\"wp-block-separator has-text-color has-lightest-color has-alpha-channel-opacity has-lightest-background-color has-background is-style-dots\"\/>\n\n\n\n<div class=\"wp-block-columns alignwide are-vertically-aligned-top is-layout-flex wp-container-core-columns-is-layout-010e51cd wp-block-columns-is-layout-flex\">\n<div class=\"wp-block-column is-vertically-aligned-top is-layout-flow wp-container-core-column-is-layout-360d14ef wp-block-column-is-layout-flow\">\n<div class=\"wp-block-group has-global-padding is-layout-constrained wp-container-core-group-is-layout-a5cb55f3 wp-block-group-is-layout-constrained\" style=\"margin-bottom:var(--wp--preset--spacing--large)\">\n<h2 class=\"wp-block-heading has-background-color has-text-color\" style=\"margin-top:0;margin-bottom:0\">Machen Sie Ihre Mitarbeiter<br><mark class=\"has-inline-color has-secondary-color\">Fit.<\/mark><\/h2>\n\n\n\n<p class=\"has-background-color has-text-color has-link-color wp-elements-0834fadd1111c075dd0b8afe37a63c37\">Neben meiner T\u00e4tigkeit im Marketing bin ich auch als Dozent f\u00fcr verschiedene IHK-Lehrg\u00e4nge t\u00e4tig. Gerne schule ich auch Ihre Mitarbeitenden in unterschiedlichen Marketingthemen, damit sie diese Aufgaben k\u00fcnftig selbst \u00fcbernehmen k\u00f6nnen. Das spart Ihrem Unternehmen langfristig Zeit und Kosten.<br>Der Unterricht kann entweder bei Ihnen vor Ort oder online stattfinden.<\/p>\n<\/div>\n\n\n\n<div class=\"wp-block-buttons is-layout-flex wp-block-buttons-is-layout-flex\">\n<div class=\"wp-block-button is-style-alternate is-style-alternate--1\"><a class=\"wp-block-button__link wp-element-button\" href=\"https:\/\/www.holden-marketing.com\/en\/termin-buchen\/\">Termin buchen<\/a><\/div>\n<\/div>\n<\/div>\n\n\n\n<div class=\"wp-block-column is-vertically-aligned-top is-layout-flow wp-block-column-is-layout-flow\">\n<figure class=\"wp-block-image size-full is-resized is-style-rounded-corners wp-duotone-unset-2\"><img loading=\"lazy\" decoding=\"async\" width=\"600\" height=\"467\" src=\"https:\/\/www.holden-marketing.com\/wp-content\/uploads\/2026\/03\/holden-coaching2.jpg\" alt=\"\" class=\"wp-image-228\" srcset=\"https:\/\/www.holden-marketing.com\/wp-content\/uploads\/2026\/03\/holden-coaching2.jpg 600w, https:\/\/www.holden-marketing.com\/wp-content\/uploads\/2026\/03\/holden-coaching2-300x234.jpg 300w, https:\/\/www.holden-marketing.com\/wp-content\/uploads\/2026\/03\/holden-coaching2-15x12.jpg 15w\" sizes=\"auto, (max-width: 600px) 100vw, 600px\" \/><\/figure>\n<\/div>\n<\/div>\n<\/div>\n\n\n\n<p><\/p>","protected":false},"excerpt":{"rendered":"<p>Marketing Webdesign Ich erstelle f\u00fcr Ihr Unternehmen eine professionelle Website oder einen Online-Shop mit WordPress. Besonders f\u00fcr kleine und mittlere Unternehmen entwickle ich moderne, benutzerfreundliche L\u00f6sungen, die Ihre Leistungen optimal pr\u00e4sentieren und neue Kunden erreichen. . . . . . SEO Mit gezielten SEO- und GEO-Ma\u00dfnahmen sorge ich daf\u00fcr, dass Ihr Unternehmen online besser gefunden [&hellip;]<\/p>\n","protected":false},"author":1,"featured_media":0,"parent":0,"menu_order":0,"comment_status":"closed","ping_status":"closed","template":"","meta":{"footnotes":""},"class_list":["post-2","page","type-page","status-publish","hentry"],"_links":{"self":[{"href":"https:\/\/www.holden-marketing.com\/en\/wp-json\/wp\/v2\/pages\/2","targetHints":{"allow":["GET"]}}],"collection":[{"href":"https:\/\/www.holden-marketing.com\/en\/wp-json\/wp\/v2\/pages"}],"about":[{"href":"https:\/\/www.holden-marketing.com\/en\/wp-json\/wp\/v2\/types\/page"}],"author":[{"embeddable":true,"href":"https:\/\/www.holden-marketing.com\/en\/wp-json\/wp\/v2\/users\/1"}],"replies":[{"embeddable":true,"href":"https:\/\/www.holden-marketing.com\/en\/wp-json\/wp\/v2\/comments?post=2"}],"version-history":[{"count":30,"href":"https:\/\/www.holden-marketing.com\/en\/wp-json\/wp\/v2\/pages\/2\/revisions"}],"predecessor-version":[{"id":290,"href":"https:\/\/www.holden-marketing.com\/en\/wp-json\/wp\/v2\/pages\/2\/revisions\/290"}],"wp:attachment":[{"href":"https:\/\/www.holden-marketing.com\/en\/wp-json\/wp\/v2\/media?parent=2"}],"curies":[{"name":"wp","href":"https:\/\/api.w.org\/{rel}","templated":true}]}}